{"id":49,"date":"2024-04-23T16:48:51","date_gmt":"2024-04-23T13:48:51","guid":{"rendered":"https:\/\/hesey.fi\/?page_id=49"},"modified":"2025-01-02T12:56:37","modified_gmt":"2025-01-02T10:56:37","slug":"jokainen-elain-on-arvokas-yksilo","status":"publish","type":"page","link":"https:\/\/hesey.fi\/index.php\/jokainen-elain-on-arvokas-yksilo\/","title":{"rendered":"Yhdistyksemme"},"content":{"rendered":"<p>Toimintamme on alkanut lemmikkien loukutuksesta, edelleen sijoittamisesta ja omistajien tukemisesta.<\/p>\n<p>Olemme l\u00e4\u00e4kinneet my\u00f6s luonnonvaraisia el\u00e4imi\u00e4, kuten kapisia kettuja, ja t\u00e4t\u00e4 kaikkea teemme edelleen.<\/p>\n<p>Yhdistyksen menot koostuvat el\u00e4inten ruokinnasta ja el\u00e4inl\u00e4\u00e4k\u00e4rimaksuista.<\/p>\n<p>Toimintamme yh\u00e4 kasvaessa tarvitsemme lis\u00e4\u00e4 tilaa uuden tarhan muodossa.<\/p>\n<p>Luonnonvaraisia lintuja tulee hoitoon paljon ja olemme joutuneet hoitamaan poikasia kodeissa.<\/p>\n<p>Suuri osa linnuista palaa luontoon ja n\u00e4in toimien teemme osamme lintukadon ehk\u00e4isyyn.<\/p>\n<p>Huolehdimme tietysti edelleen piennis\u00e4kk\u00e4ist\u00e4 ja poikasistaan, jotka tarvitsevat tilan ennen jatkohoitoon kuljettamista.<\/p>\n<p>Rakennusta varten sek\u00e4 el\u00e4inten ruokintaan ja tarvikkeisiin saimme pysyv\u00e4n rahanker\u00e4ysluvan.<\/p>\n<p><img loading=\"lazy\" decoding=\"async\" class=\"size-medium wp-image-23\" src=\"https:\/\/hesey.fi\/wp-content\/uploads\/2024\/04\/Hesey_lokki-e1713879669474-240x300.jpg\" alt=\"\" width=\"240\" height=\"300\" srcset=\"https:\/\/hesey.fi\/wp-content\/uploads\/2024\/04\/Hesey_lokki-e1713879669474-240x300.jpg 240w, https:\/\/hesey.fi\/wp-content\/uploads\/2024\/04\/Hesey_lokki-e1713879669474-819x1024.jpg 819w, https:\/\/hesey.fi\/wp-content\/uploads\/2024\/04\/Hesey_lokki-e1713879669474-768x961.jpg 768w, https:\/\/hesey.fi\/wp-content\/uploads\/2024\/04\/Hesey_lokki-e1713879669474-1228x1536.jpg 1228w, https:\/\/hesey.fi\/wp-content\/uploads\/2024\/04\/Hesey_lokki-e1713879669474.jpg 1348w\" sizes=\"auto, (max-width: 240px) 100vw, 240px\" \/><img loading=\"lazy\" decoding=\"async\" class=\"aligncenter size-medium wp-image-108\" style=\"border: var(--yuki-content-images-border,none); --tw-border-spacing-x: 0; --tw-border-spacing-y: 0; --tw-translate-x: 0; --tw-translate-y: 0; --tw-rotate: 0; --tw-skew-x: 0; --tw-skew-y: 0; --tw-scale-x: 1; --tw-scale-y: 1; --tw-scroll-snap-strictness: proximity; --tw-ring-offset-width: 0px; --tw-ring-offset-color: #fff; --tw-ring-color: rgba(59,130,246,.5); --tw-ring-offset-shadow: 0 0 #0000; --tw-ring-shadow: 0 0 #0000; --tw-shadow: 0 0 #0000; --tw-shadow-colored: 0 0 #0000; box-shadow: var(--yuki-content-images-shadow,none); border-radius: var(--yuki-content-images-radius,0);\" src=\"https:\/\/hesey.fi\/wp-content\/uploads\/2025\/01\/B6_HESEY_STRAYCat_2025-300x240.jpg\" alt=\"\" width=\"300\" height=\"240\" srcset=\"https:\/\/hesey.fi\/wp-content\/uploads\/2025\/01\/B6_HESEY_STRAYCat_2025-300x240.jpg 300w, https:\/\/hesey.fi\/wp-content\/uploads\/2025\/01\/B6_HESEY_STRAYCat_2025-1024x818.jpg 1024w, https:\/\/hesey.fi\/wp-content\/uploads\/2025\/01\/B6_HESEY_STRAYCat_2025-768x613.jpg 768w, https:\/\/hesey.fi\/wp-content\/uploads\/2025\/01\/B6_HESEY_STRAYCat_2025-1536x1227.jpg 1536w, https:\/\/hesey.fi\/wp-content\/uploads\/2025\/01\/B6_HESEY_STRAYCat_2025.jpg 1690w\" sizes=\"auto, (max-width: 300px) 100vw, 300px\" \/><\/p>\n<p><img loading=\"lazy\" decoding=\"async\" class=\"alignright size-medium wp-image-106\" src=\"https:\/\/hesey.fi\/wp-content\/uploads\/2025\/01\/B4_HESEY_FACECHICK_2025-240x300.jpg\" alt=\"\" width=\"240\" height=\"300\" srcset=\"https:\/\/hesey.fi\/wp-content\/uploads\/2025\/01\/B4_HESEY_FACECHICK_2025-240x300.jpg 240w, https:\/\/hesey.fi\/wp-content\/uploads\/2025\/01\/B4_HESEY_FACECHICK_2025-818x1024.jpg 818w, https:\/\/hesey.fi\/wp-content\/uploads\/2025\/01\/B4_HESEY_FACECHICK_2025-768x961.jpg 768w, https:\/\/hesey.fi\/wp-content\/uploads\/2025\/01\/B4_HESEY_FACECHICK_2025-1227x1536.jpg 1227w, https:\/\/hesey.fi\/wp-content\/uploads\/2025\/01\/B4_HESEY_FACECHICK_2025.jpg 1350w\" sizes=\"auto, (max-width: 240px) 100vw, 240px\" \/><\/p>\n<p>&nbsp;<\/p>\n","protected":false},"excerpt":{"rendered":"<p>Toimintamme on alkanut lemmikkien loukutuksesta, edelleen sijoittamisesta ja omistajien tukemisesta. Olemme l\u00e4\u00e4kinneet my\u00f6s luonnonvaraisia el\u00e4imi\u00e4, kuten kapisia kettuja, ja t\u00e4t\u00e4 kaikkea teemme edelleen. Yhdistyksen menot koostuvat el\u00e4inten ruokinnasta ja el\u00e4inl\u00e4\u00e4k\u00e4rimaksuista. Toimintamme yh\u00e4 kasvaessa tarvitsemme lis\u00e4\u00e4 tilaa uuden tarhan muodossa. Luonnonvaraisia lintuja tulee hoitoon paljon ja olemme joutuneet hoitamaan poikasia kodeissa. Suuri osa linnuista palaa luontoon [&hellip;]<\/p>\n","protected":false},"author":1,"featured_media":0,"parent":0,"menu_order":1,"comment_status":"closed","ping_status":"closed","template":"","meta":{"site-container-style":"default","site-container-layout":"default","site-sidebar-layout":"default","disable-article-header":"default","disable-site-header":"default","disable-site-footer":"default","disable-content-area-spacing":"default","footnotes":""},"class_list":["post-49","page","type-page","status-publish","hentry"],"_links":{"self":[{"href":"https:\/\/hesey.fi\/index.php\/wp-json\/wp\/v2\/pages\/49","targetHints":{"allow":["GET"]}}],"collection":[{"href":"https:\/\/hesey.fi\/index.php\/wp-json\/wp\/v2\/pages"}],"about":[{"href":"https:\/\/hesey.fi\/index.php\/wp-json\/wp\/v2\/types\/page"}],"author":[{"embeddable":true,"href":"https:\/\/hesey.fi\/index.php\/wp-json\/wp\/v2\/users\/1"}],"replies":[{"embeddable":true,"href":"https:\/\/hesey.fi\/index.php\/wp-json\/wp\/v2\/comments?post=49"}],"version-history":[{"count":8,"href":"https:\/\/hesey.fi\/index.php\/wp-json\/wp\/v2\/pages\/49\/revisions"}],"predecessor-version":[{"id":109,"href":"https:\/\/hesey.fi\/index.php\/wp-json\/wp\/v2\/pages\/49\/revisions\/109"}],"wp:attachment":[{"href":"https:\/\/hesey.fi\/index.php\/wp-json\/wp\/v2\/media?parent=49"}],"curies":[{"name":"wp","href":"https:\/\/api.w.org\/{rel}","templated":true}]}}