{"id":53,"date":"2024-04-23T16:52:02","date_gmt":"2024-04-23T13:52:02","guid":{"rendered":"https:\/\/hesey.fi\/?page_id=53"},"modified":"2025-01-02T12:57:15","modified_gmt":"2025-01-02T10:57:15","slug":"liity-jaseneksi","status":"publish","type":"page","link":"https:\/\/hesey.fi\/index.php\/liity-jaseneksi\/","title":{"rendered":"Liity j\u00e4seneksi!"},"content":{"rendered":"<p>Toimintamme on alkanut lemmikkien loukutuksesta, edelleen sijoittamisesta ja omistajien tukemisesta.<\/p>\n<p>Olemme l\u00e4\u00e4kinneet my\u00f6s luonnonvaraisia el\u00e4imi\u00e4, kuten kapisia kettuja, ja t\u00e4t\u00e4 kaikkea teemme edelleen.<\/p>\n<p><strong>Yhdistyksen menot koostuvat el\u00e4inten ruokinnasta ja el\u00e4inl\u00e4\u00e4k\u00e4rimaksuista.<\/strong><\/p>\n<p><strong>Toimintamme yh\u00e4 kasvaessa tarvitsemme lis\u00e4\u00e4 tilaa uuden tarhan muodossa.<\/strong><\/p>\n<p>Luonnonvaraisia lintuja tulee hoitoon paljon ja olemme joutuneet hoitamaan poikasia kodeissa.<\/p>\n<p><strong>Suuri osa linnuista palaa luontoon<\/strong> ja n\u00e4in toimien teemme osamme lintukadon ehk\u00e4isyyn.<\/p>\n<p><strong>Huolehdimme tietysti edelleen piennis\u00e4kk\u00e4ist\u00e4 ja poikasistaan, jotka tarvitsevat tilan ennen jatkohoitoon kuljettamista.<\/strong><\/p>\n<p><strong>Rakennusta varten sek\u00e4 el\u00e4inten ruokintaan ja tarvikkeisiin<\/strong> saimme pysyv\u00e4n rahanker\u00e4ysluvan.<\/p>\n<p>Ker\u00e4ys on voimassa Suomessa, Ahvenanmaata lukuunottamatta<\/p>\n<p>Lupa RA\/2024\/1946<\/p>\n<p><strong>Kaikki lahjoitukset<\/strong>:<\/p>\n<p><strong>Viitenumero 1009<\/strong><\/p>\n<p><strong>FI68 5612 1120 8332 12<\/strong><\/p>\n<p><strong>J\u00e4senmaksumme on 25 \u20ac\/vuosi<\/strong><\/p>\n<p><strong>Vanha j\u00e4sen:<\/strong><\/p>\n<p>Viitenumero <strong>1041<\/strong><\/p>\n<p><strong>Uusi j\u00e4sen<\/strong>:<\/p>\n<p><strong>Viestikentt\u00e4\u00e4n: Nimi, paikkakunta ja s\u00e4hk\u00f6postiosoite tai puhelinnumero<\/strong><\/p>\n<p>&nbsp;<\/p>\n<p>Heinolan Seudun El\u00e4insuojeluyhdistys ry<\/p>\n<p>&nbsp;<\/p>\n<p>Sallamaari Simpanen<\/p>\n<p>Hoilonkatu 4, Heinola<\/p>\n","protected":false},"excerpt":{"rendered":"<p>Toimintamme on alkanut lemmikkien loukutuksesta, edelleen sijoittamisesta ja omistajien tukemisesta. Olemme l\u00e4\u00e4kinneet my\u00f6s luonnonvaraisia el\u00e4imi\u00e4, kuten kapisia kettuja, ja t\u00e4t\u00e4 kaikkea teemme edelleen. Yhdistyksen menot koostuvat el\u00e4inten ruokinnasta ja el\u00e4inl\u00e4\u00e4k\u00e4rimaksuista. Toimintamme yh\u00e4 kasvaessa tarvitsemme lis\u00e4\u00e4 tilaa uuden tarhan muodossa. Luonnonvaraisia lintuja tulee hoitoon paljon ja olemme joutuneet hoitamaan poikasia kodeissa. Suuri osa linnuista palaa luontoon [&hellip;]<\/p>\n","protected":false},"author":1,"featured_media":0,"parent":0,"menu_order":2,"comment_status":"closed","ping_status":"closed","template":"","meta":{"site-container-style":"default","site-container-layout":"default","site-sidebar-layout":"default","disable-article-header":"default","disable-site-header":"default","disable-site-footer":"default","disable-content-area-spacing":"default","footnotes":""},"class_list":["post-53","page","type-page","status-publish","hentry"],"_links":{"self":[{"href":"https:\/\/hesey.fi\/index.php\/wp-json\/wp\/v2\/pages\/53","targetHints":{"allow":["GET"]}}],"collection":[{"href":"https:\/\/hesey.fi\/index.php\/wp-json\/wp\/v2\/pages"}],"about":[{"href":"https:\/\/hesey.fi\/index.php\/wp-json\/wp\/v2\/types\/page"}],"author":[{"embeddable":true,"href":"https:\/\/hesey.fi\/index.php\/wp-json\/wp\/v2\/users\/1"}],"replies":[{"embeddable":true,"href":"https:\/\/hesey.fi\/index.php\/wp-json\/wp\/v2\/comments?post=53"}],"version-history":[{"count":8,"href":"https:\/\/hesey.fi\/index.php\/wp-json\/wp\/v2\/pages\/53\/revisions"}],"predecessor-version":[{"id":101,"href":"https:\/\/hesey.fi\/index.php\/wp-json\/wp\/v2\/pages\/53\/revisions\/101"}],"wp:attachment":[{"href":"https:\/\/hesey.fi\/index.php\/wp-json\/wp\/v2\/media?parent=53"}],"curies":[{"name":"wp","href":"https:\/\/api.w.org\/{rel}","templated":true}]}}