{"id":57,"date":"2024-04-23T16:57:23","date_gmt":"2024-04-23T13:57:23","guid":{"rendered":"https:\/\/hesey.fi\/?page_id=57"},"modified":"2025-01-24T14:03:31","modified_gmt":"2025-01-24T12:03:31","slug":"lahjoita","status":"publish","type":"page","link":"https:\/\/hesey.fi\/index.php\/lahjoita\/","title":{"rendered":"Lahjoita"},"content":{"rendered":"<p>Voit lahjoittaa:<\/p>\n<p><strong>FI68 5612 1120 8332 12<\/strong><\/p>\n<p>Lahjoitukseen viitenumero <strong>1009<\/strong><\/p>\n<p>Rahanker\u00e4yslupa RA\/2024\/1946<\/p>\n<p>Liity <strong>j\u00e4seneksi<\/strong>:<\/p>\n<p><strong>J\u00e4senmaksumme on 25 \u20ac\/vuosi<\/strong><\/p>\n<p>Uusi j\u00e4sen:<\/p>\n<p>Tilisiirron viestikentt\u00e4\u00e4n: Nimi, paikkakunta ja s\u00e4hk\u00f6postiosoite tai puhelinnumero<\/p>\n<p><strong>FI68 5612 1120 8332 12<\/strong><\/p>\n<p>Vanha j\u00e4sen: viitenumero 1041<\/p>\n<p><strong>MOBILEPAY #21429<\/strong><\/p>\n<figure id=\"attachment_21\" aria-describedby=\"caption-attachment-21\" style=\"width: 225px\" class=\"wp-caption aligncenter\"><img loading=\"lazy\" decoding=\"async\" class=\"size-medium wp-image-21\" src=\"https:\/\/hesey.fi\/wp-content\/uploads\/2024\/04\/Hesey_siili-225x300.jpg\" alt=\"\" width=\"225\" height=\"300\" srcset=\"https:\/\/hesey.fi\/wp-content\/uploads\/2024\/04\/Hesey_siili-225x300.jpg 225w, https:\/\/hesey.fi\/wp-content\/uploads\/2024\/04\/Hesey_siili-768x1024.jpg 768w, https:\/\/hesey.fi\/wp-content\/uploads\/2024\/04\/Hesey_siili-1152x1536.jpg 1152w, https:\/\/hesey.fi\/wp-content\/uploads\/2024\/04\/Hesey_siili.jpg 1536w\" sizes=\"auto, (max-width: 225px) 100vw, 225px\" \/><figcaption id=\"caption-attachment-21\" class=\"wp-caption-text\">Jokainen el\u00e4in on arvokas yksil\u00f6.<\/figcaption><\/figure>\n","protected":false},"excerpt":{"rendered":"<p>Voit lahjoittaa: FI68 5612 1120 8332 12 Lahjoitukseen viitenumero 1009 Rahanker\u00e4yslupa RA\/2024\/1946 Liity j\u00e4seneksi: J\u00e4senmaksumme on 25 \u20ac\/vuosi Uusi j\u00e4sen: Tilisiirron viestikentt\u00e4\u00e4n: Nimi, paikkakunta ja s\u00e4hk\u00f6postiosoite tai puhelinnumero FI68 5612 1120 8332 12 Vanha j\u00e4sen: viitenumero 1041 MOBILEPAY #21429<\/p>\n","protected":false},"author":1,"featured_media":0,"parent":0,"menu_order":3,"comment_status":"closed","ping_status":"closed","template":"","meta":{"site-container-style":"default","site-container-layout":"default","site-sidebar-layout":"default","disable-article-header":"default","disable-site-header":"default","disable-site-footer":"default","disable-content-area-spacing":"default","footnotes":""},"class_list":["post-57","page","type-page","status-publish","hentry"],"_links":{"self":[{"href":"https:\/\/hesey.fi\/index.php\/wp-json\/wp\/v2\/pages\/57","targetHints":{"allow":["GET"]}}],"collection":[{"href":"https:\/\/hesey.fi\/index.php\/wp-json\/wp\/v2\/pages"}],"about":[{"href":"https:\/\/hesey.fi\/index.php\/wp-json\/wp\/v2\/types\/page"}],"author":[{"embeddable":true,"href":"https:\/\/hesey.fi\/index.php\/wp-json\/wp\/v2\/users\/1"}],"replies":[{"embeddable":true,"href":"https:\/\/hesey.fi\/index.php\/wp-json\/wp\/v2\/comments?post=57"}],"version-history":[{"count":8,"href":"https:\/\/hesey.fi\/index.php\/wp-json\/wp\/v2\/pages\/57\/revisions"}],"predecessor-version":[{"id":110,"href":"https:\/\/hesey.fi\/index.php\/wp-json\/wp\/v2\/pages\/57\/revisions\/110"}],"wp:attachment":[{"href":"https:\/\/hesey.fi\/index.php\/wp-json\/wp\/v2\/media?parent=57"}],"curies":[{"name":"wp","href":"https:\/\/api.w.org\/{rel}","templated":true}]}}